{"id":23,"date":"2021-10-30T09:29:32","date_gmt":"2021-10-30T07:29:32","guid":{"rendered":"https:\/\/detskadrogerie.online\/?post_type=product&#038;p=23"},"modified":"2024-06-21T05:27:30","modified_gmt":"2024-06-21T03:27:30","slug":"penaten-krem-pro-troji-ochranu-150ml","status":"publish","type":"product","link":"https:\/\/detskadrogerie.online\/?product=penaten-krem-pro-troji-ochranu-150ml","title":{"rendered":"PENATEN KR\u00c9M PRO TROJ\u00cd OCHRANU 150ML"},"content":{"rendered":"<p>Bezkonkuren\u010dn\u00ed d\u011btsk\u00fd kr\u00e9m chr\u00e1n\u00edc\u00ed p\u0159ed vznikem opruzenin. Kr\u00e9m nejen na d\u011btsk\u00fd zade\u010dek s p\u0159\u00edrodn\u00edm lanol\u00ednem a oxidem zine\u010dnat\u00fdm jemn\u011b a \u00fa\u010dinn\u011b chr\u00e1n\u00ed d\u011btskou poko\u017eku p\u0159ed vznikem nep\u0159\u00edjemn\u00fdch opruzenin.<\/p>\n<p>Zklid\u0148uje podr\u00e1\u017ed\u011bnou, zarudlou poko\u017eku, dlouhodob\u011b hydratuje a vytv\u00e1\u0159\u00ed ochrann\u00fd film. D\u00edky sv\u00e9 hustot\u011b se dob\u0159e nan\u00e1\u0161\u00ed. Je dermatologicky testov\u00e1n.<\/p>\n<p>Doporu\u010duje se pou\u017e\u00edvat p\u0159i ka\u017ed\u00e9 v\u00fdm\u011bn\u011b plen.<\/p>\n<p>T\u0159\u00edf\u00e1zov\u00e1 ochrana:<\/p>\n<ul>\n<li>extrakt z Vil\u00ednu &#8211; omezuje r\u016fst nebezpe\u010dn\u00fdch mikroorganism\u016f, napom\u00e1h\u00e1 hojen\u00ed, zm\u00edr\u0148uje z\u00e1n\u011bty,\u00a0sv\u011bd\u011bn\u00ed\u00a0a\u00a0bolest<\/li>\n<li>allantoin &#8211;\u00a0podporuje hojen\u00ed\u00a0poko\u017eky a sliznic<\/li>\n<li>panthenol neboli provitamin\u00a0B5 &#8211; pro lep\u0161\u00ed zlep\u0161uje hydrataci poko\u017eky<\/li>\n<\/ul>\n<p>Tento kr\u00e9m lze \u00fa\u010dinn\u011b pou\u017e\u00edvat nejen pro d\u011btsk\u00e9 zade\u010dky, ale tak\u00e9 v p\u0159\u00edpadech, kdy je t\u0159eba zklidnit poko\u017eku a napomoct procesu hojen\u00ed,\u00a0k l\u00e9\u010db\u011b vyr\u00e1\u017eky, sp\u00e1lenin, opar\u016f, dermatitidy a pro \u00falevu od sv\u011bd\u011bn\u00ed zp\u016fsoben\u00fdch ekz\u00e9my. Zm\u00edr\u0148uje vyr\u00e1\u017eky zp\u016fsoben\u00e9 teplem a potem.<\/p>\n<p><strong>Upozorn\u011bn\u00ed: Uchov\u00e1vejte mimo dosah d\u011bt\u00ed. Pouze k zevn\u00edmu pou\u017eit\u00ed. Uchov\u00e1vejte p\u0159i pokojov\u00e9 teplot\u011b.<\/strong><\/p>\n<p><strong>Slo\u017een\u00ed:<\/strong>\u00a0petrolatum, oxid zine\u010dnat\u00fd, lanolin, mastek, voda, pantenol, extrakty z Hamamelis Virginiana, allantoin, sorbitan sesquioleate, cetylpyridinium chlorid, parafinum liquidum, alkohol, parf\u00e9m, CI 40800.<\/p>\n","protected":false},"excerpt":{"rendered":"<p>Speci\u00e1ln\u00ed pe\u010duj\u00edc\u00ed kr\u00e9m zabra\u0148uj\u00edc\u00ed vzniku opruzenin. S obsahem oxidu zine\u010dnat\u00e9ho a p\u0159\u00edrodn\u00edho lanol\u00ednu \u00fa\u010dinn\u011b zabra\u0148uje vzniku opruzenin a d\u00edky Alantoinu a Panthenolu zklid\u0148uje podr\u00e1\u017ed\u011bnou a zarudlou poko\u017eku.<\/p>\n","protected":false},"featured_media":18,"comment_status":"open","ping_status":"closed","template":"","meta":{"om_disable_all_campaigns":false,"_monsterinsights_skip_tracking":false,"_monsterinsights_sitenote_active":false,"_monsterinsights_sitenote_note":"","_monsterinsights_sitenote_category":0},"product_cat":[17],"product_tag":[],"_links":{"self":[{"href":"https:\/\/detskadrogerie.online\/index.php?rest_route=\/wp\/v2\/product\/23"}],"collection":[{"href":"https:\/\/detskadrogerie.online\/index.php?rest_route=\/wp\/v2\/product"}],"about":[{"href":"https:\/\/detskadrogerie.online\/index.php?rest_route=\/wp\/v2\/types\/product"}],"replies":[{"embeddable":true,"href":"https:\/\/detskadrogerie.online\/index.php?rest_route=%2Fwp%2Fv2%2Fcomments&post=23"}],"wp:featuredmedia":[{"embeddable":true,"href":"https:\/\/detskadrogerie.online\/index.php?rest_route=\/wp\/v2\/media\/18"}],"wp:attachment":[{"href":"https:\/\/detskadrogerie.online\/index.php?rest_route=%2Fwp%2Fv2%2Fmedia&parent=23"}],"wp:term":[{"taxonomy":"product_cat","embeddable":true,"href":"https:\/\/detskadrogerie.online\/index.php?rest_route=%2Fwp%2Fv2%2Fproduct_cat&post=23"},{"taxonomy":"product_tag","embeddable":true,"href":"https:\/\/detskadrogerie.online\/index.php?rest_route=%2Fwp%2Fv2%2Fproduct_tag&post=23"}],"curies":[{"name":"wp","href":"https:\/\/api.w.org\/{rel}","templated":true}]}}