{"id":26,"date":"2021-10-30T09:51:29","date_gmt":"2021-10-30T07:51:29","guid":{"rendered":"https:\/\/detskadrogerie.online\/?post_type=product&#038;p=26"},"modified":"2021-10-30T09:51:29","modified_gmt":"2021-10-30T07:51:29","slug":"penaten-detsky-krem-na-oblicej-a-telo-100ml","status":"publish","type":"product","link":"https:\/\/detskadrogerie.online\/?product=penaten-detsky-krem-na-oblicej-a-telo-100ml","title":{"rendered":"Penaten d\u011btsk\u00fd kr\u00e9m na obli\u010dej a t\u011blo 100ml"},"content":{"rendered":"<p>V\u017edy jemn\u00e1 a vl\u00e1\u010dn\u00e1 d\u011btsk\u00e1 poko\u017eka &#8211; kr\u00e9m lze pou\u017e\u00edt pro ka\u017edodenn\u00ed p\u00e9\u010di.<\/p>\n<p>Kr\u00e9m se rychle vst\u0159eb\u00e1v\u00e1 a chr\u00e1n\u00ed jemnou d\u011btskou poko\u017eku. Podporuje v\u00fdvoj citliv\u00e9 d\u011btsk\u00e9 poko\u017eky. Denn\u00ed p\u00e9\u010de o d\u00edt\u011b s kr\u00e9mem Penaten Face &amp; Body Care dod\u00e1v\u00e1 poko\u017ece vlhkost, rychle se vst\u0159eb\u00e1v\u00e1 a chr\u00e1n\u00ed jemnou d\u011btskou poko\u017eku. Je ide\u00e1ln\u00ed pro pou\u017eit\u00ed na obli\u010deji a na cel\u00e9m t\u011ble a zanech\u00e1v\u00e1 poko\u017eku p\u0159\u00edjemn\u011b m\u011bkkou.<\/p>\n<p>Kompatibilita s poko\u017ekou dermatologicky testov\u00e1na.<\/p>\n","protected":false},"excerpt":{"rendered":"<p>V\u017edy jemn\u00e1 a vl\u00e1\u010dn\u00e1 d\u011btsk\u00e1 poko\u017eka &#8211; kr\u00e9m lze pou\u017e\u00edt pro ka\u017edodenn\u00ed p\u00e9\u010di. Kr\u00e9m se rychle vst\u0159eb\u00e1v\u00e1 a chr\u00e1n\u00ed jemnou&hellip;<\/p>\n","protected":false},"featured_media":27,"comment_status":"open","ping_status":"closed","template":"","meta":{"om_disable_all_campaigns":false,"_monsterinsights_skip_tracking":false,"_monsterinsights_sitenote_active":false,"_monsterinsights_sitenote_note":"","_monsterinsights_sitenote_category":0},"product_cat":[17],"product_tag":[],"_links":{"self":[{"href":"https:\/\/detskadrogerie.online\/index.php?rest_route=\/wp\/v2\/product\/26"}],"collection":[{"href":"https:\/\/detskadrogerie.online\/index.php?rest_route=\/wp\/v2\/product"}],"about":[{"href":"https:\/\/detskadrogerie.online\/index.php?rest_route=\/wp\/v2\/types\/product"}],"replies":[{"embeddable":true,"href":"https:\/\/detskadrogerie.online\/index.php?rest_route=%2Fwp%2Fv2%2Fcomments&post=26"}],"wp:featuredmedia":[{"embeddable":true,"href":"https:\/\/detskadrogerie.online\/index.php?rest_route=\/wp\/v2\/media\/27"}],"wp:attachment":[{"href":"https:\/\/detskadrogerie.online\/index.php?rest_route=%2Fwp%2Fv2%2Fmedia&parent=26"}],"wp:term":[{"taxonomy":"product_cat","embeddable":true,"href":"https:\/\/detskadrogerie.online\/index.php?rest_route=%2Fwp%2Fv2%2Fproduct_cat&post=26"},{"taxonomy":"product_tag","embeddable":true,"href":"https:\/\/detskadrogerie.online\/index.php?rest_route=%2Fwp%2Fv2%2Fproduct_tag&post=26"}],"curies":[{"name":"wp","href":"https:\/\/api.w.org\/{rel}","templated":true}]}}