{"id":35,"date":"2021-10-31T07:18:00","date_gmt":"2021-10-31T06:18:00","guid":{"rendered":"https:\/\/detskadrogerie.online\/?post_type=product&#038;p=35"},"modified":"2021-10-31T07:18:00","modified_gmt":"2021-10-31T06:18:00","slug":"penaten-detsky-ochranny-krem-na-opruzeniny-200ml","status":"publish","type":"product","link":"https:\/\/detskadrogerie.online\/?product=penaten-detsky-ochranny-krem-na-opruzeniny-200ml","title":{"rendered":"Penaten d\u011btsk\u00fd ochrann\u00fd kr\u00e9m na opruzeniny 200ml"},"content":{"rendered":"<p>D\u00edky sv\u00e9 lehk\u00e9 struktu\u0159e se snadno rozt\u00edr\u00e1 po poko\u017ece a je ide\u00e1ln\u00ed pro ka\u017edodenn\u00ed p\u00e9\u010di o t\u011blo.<\/p>\n<p>Chr\u00e1n\u00ed a zklid\u0148uje poko\u017eku d\u00edt\u011bte a zanech\u00e1v\u00e1 na n\u00ed prody\u0161n\u00fd ochrann\u00fd film.<\/p>\n<p>Speci\u00e1ln\u011b vyvinut\u00fd k ochran\u011b p\u0159ed bolestivost\u00ed v oblasti plenek Kompatibilita s poko\u017ekou dermatologicky schv\u00e1lena.<\/p>\n<p>Slo\u017een\u00ed: Aqua, Zinc Oxide, Isopropyl Palmitate, Dicaprylyl Carbonate, Lanolin, C12-15 Alkyl Benzoate, Glycerin, Polyglyceryl-2 Dipolyhydroxystearate, Butyrospermum Parkii Butter, Polyglyceryl-3 Diisostearate, Magnesium Sulfate, Olea Europaea Leaf Extract, Avena Sativa Kernel Extract, Tocopherol, Potassium Aspartate, Helianthus Annuus Seed Oil, Magnesium Aspartate, Sarcosine, Propylene Glycol, Sodium Cocoyl Amino Acids, Zinc Stearate, Tocopheryl Acetate, Parfum.<\/p>\n","protected":false},"excerpt":{"rendered":"<p>D\u00edky sv\u00e9 lehk\u00e9 struktu\u0159e se snadno rozt\u00edr\u00e1 po poko\u017ece a je ide\u00e1ln\u00ed pro ka\u017edodenn\u00ed p\u00e9\u010di o t\u011blo. Chr\u00e1n\u00ed a zklid\u0148uje&hellip;<\/p>\n","protected":false},"featured_media":36,"comment_status":"open","ping_status":"closed","template":"","meta":{"om_disable_all_campaigns":false,"_monsterinsights_skip_tracking":false,"_monsterinsights_sitenote_active":false,"_monsterinsights_sitenote_note":"","_monsterinsights_sitenote_category":0},"product_cat":[17],"product_tag":[],"_links":{"self":[{"href":"https:\/\/detskadrogerie.online\/index.php?rest_route=\/wp\/v2\/product\/35"}],"collection":[{"href":"https:\/\/detskadrogerie.online\/index.php?rest_route=\/wp\/v2\/product"}],"about":[{"href":"https:\/\/detskadrogerie.online\/index.php?rest_route=\/wp\/v2\/types\/product"}],"replies":[{"embeddable":true,"href":"https:\/\/detskadrogerie.online\/index.php?rest_route=%2Fwp%2Fv2%2Fcomments&post=35"}],"wp:featuredmedia":[{"embeddable":true,"href":"https:\/\/detskadrogerie.online\/index.php?rest_route=\/wp\/v2\/media\/36"}],"wp:attachment":[{"href":"https:\/\/detskadrogerie.online\/index.php?rest_route=%2Fwp%2Fv2%2Fmedia&parent=35"}],"wp:term":[{"taxonomy":"product_cat","embeddable":true,"href":"https:\/\/detskadrogerie.online\/index.php?rest_route=%2Fwp%2Fv2%2Fproduct_cat&post=35"},{"taxonomy":"product_tag","embeddable":true,"href":"https:\/\/detskadrogerie.online\/index.php?rest_route=%2Fwp%2Fv2%2Fproduct_tag&post=35"}],"curies":[{"name":"wp","href":"https:\/\/api.w.org\/{rel}","templated":true}]}}