{"id":37,"date":"2021-10-31T07:23:51","date_gmt":"2021-10-31T06:23:51","guid":{"rendered":"https:\/\/detskadrogerie.online\/?post_type=product&#038;p=37"},"modified":"2021-10-31T07:23:51","modified_gmt":"2021-10-31T06:23:51","slug":"penaten-detska-pena-a-sampon-400ml","status":"publish","type":"product","link":"https:\/\/detskadrogerie.online\/?product=penaten-detska-pena-a-sampon-400ml","title":{"rendered":"Penaten d\u011btsk\u00e1 p\u011bna a \u0161ampon 400ml"},"content":{"rendered":"<p>Ide\u00e1ln\u00ed pro jemn\u00e9 koup\u00e1n\u00ed a myt\u00ed poko\u017eky a vlas\u016f. Nevysu\u0161uje poko\u017eku.<\/p>\n<p>Dermatologicky testovan\u00e1 sn\u00e1\u0161enlivost s poko\u017ekou. Penaten\u00ae koupel &amp; \u0161ampon je ide\u00e1ln\u00ed pro jemn\u00e9 koup\u00e1n\u00ed a myt\u00ed poko\u017eky a vlas\u016f.D\u00edky slo\u017een\u00ed \u201eu\u017e \u017e\u00e1dn\u00e9 slzy\u201c je d\u011btsk\u00fd \u0161ampon pro o\u010di jemn\u00fd jako \u010dist\u00e1 voda. Poko\u017eku nevysu\u0161uje.<\/p>\n<p>Ji\u017e sto let se PENATEN sna\u017e\u00ed podporovat rodi\u010de s p\u00e9\u010d\u00ed o d\u00edt\u011b a p\u00e9\u010d\u00ed o inovativn\u00ed produkty.Nab\u00edz\u00ed komplexn\u00ed \u0159adu produkt\u016f, kter\u00e9 spl\u0148uj\u00ed speci\u00e1ln\u00ed po\u017eadavky citliv\u00e9 d\u011btsk\u00e9 poko\u017ekya individu\u00e1ln\u00ed pot\u0159eby pe\u010duj\u00edc\u00edch rodi\u010d\u016f.<\/p>\n<p>V\u011bkov\u00e9 doporu\u010den\u00ed: od 1. m\u011bs\u00edce<\/p>\n","protected":false},"excerpt":{"rendered":"<p>Ide\u00e1ln\u00ed pro jemn\u00e9 koup\u00e1n\u00ed a myt\u00ed poko\u017eky a vlas\u016f. Nevysu\u0161uje poko\u017eku. Dermatologicky testovan\u00e1 sn\u00e1\u0161enlivost s poko\u017ekou. Penaten\u00ae koupel &amp; \u0161ampon&hellip;<\/p>\n","protected":false},"featured_media":38,"comment_status":"open","ping_status":"closed","template":"","meta":{"om_disable_all_campaigns":false,"_monsterinsights_skip_tracking":false,"_monsterinsights_sitenote_active":false,"_monsterinsights_sitenote_note":"","_monsterinsights_sitenote_category":0},"product_cat":[17],"product_tag":[],"_links":{"self":[{"href":"https:\/\/detskadrogerie.online\/index.php?rest_route=\/wp\/v2\/product\/37"}],"collection":[{"href":"https:\/\/detskadrogerie.online\/index.php?rest_route=\/wp\/v2\/product"}],"about":[{"href":"https:\/\/detskadrogerie.online\/index.php?rest_route=\/wp\/v2\/types\/product"}],"replies":[{"embeddable":true,"href":"https:\/\/detskadrogerie.online\/index.php?rest_route=%2Fwp%2Fv2%2Fcomments&post=37"}],"wp:featuredmedia":[{"embeddable":true,"href":"https:\/\/detskadrogerie.online\/index.php?rest_route=\/wp\/v2\/media\/38"}],"wp:attachment":[{"href":"https:\/\/detskadrogerie.online\/index.php?rest_route=%2Fwp%2Fv2%2Fmedia&parent=37"}],"wp:term":[{"taxonomy":"product_cat","embeddable":true,"href":"https:\/\/detskadrogerie.online\/index.php?rest_route=%2Fwp%2Fv2%2Fproduct_cat&post=37"},{"taxonomy":"product_tag","embeddable":true,"href":"https:\/\/detskadrogerie.online\/index.php?rest_route=%2Fwp%2Fv2%2Fproduct_tag&post=37"}],"curies":[{"name":"wp","href":"https:\/\/api.w.org\/{rel}","templated":true}]}}