{"id":40,"date":"2021-10-31T07:26:22","date_gmt":"2021-10-31T06:26:22","guid":{"rendered":"https:\/\/detskadrogerie.online\/?post_type=product&#038;p=40"},"modified":"2021-10-31T07:31:07","modified_gmt":"2021-10-31T06:31:07","slug":"penaten-detsky-pudr-100g","status":"publish","type":"product","link":"https:\/\/detskadrogerie.online\/?product=penaten-detsky-pudr-100g","title":{"rendered":"Penaten d\u011btsk\u00fd pudr 100g"},"content":{"rendered":"<p>Penaten d\u011btsk\u00fd pudr absorbuje vlhkost zvl\u00e1\u0161t\u011b v citliv\u00fdch oblastech,kter\u00e1 se mohou zapa\u0159it jako je nap\u0159\u00edklad zade\u010dek a podpa\u017ed\u00ed. Chr\u00e1n\u00ed poko\u017eku p\u0159ed zarudnut\u00edm a podr\u00e1\u017ed\u011bn\u00edm. Zanech\u00e1v\u00e1 jemnou a hebkou poko\u017eku. Aplikujte na suchou a \u010distou poko\u017eku.<\/p>\n","protected":false},"excerpt":{"rendered":"<p>Penaten d\u011btsk\u00fd pudr absorbuje vlhkost zvl\u00e1\u0161t\u011b v citliv\u00fdch oblastech,kter\u00e1 se mohou zapa\u0159it jako je nap\u0159\u00edklad zade\u010dek a podpa\u017ed\u00ed. Chr\u00e1n\u00ed poko\u017eku&hellip;<\/p>\n","protected":false},"featured_media":41,"comment_status":"open","ping_status":"closed","template":"","meta":{"om_disable_all_campaigns":false,"_monsterinsights_skip_tracking":false,"_monsterinsights_sitenote_active":false,"_monsterinsights_sitenote_note":"","_monsterinsights_sitenote_category":0},"product_cat":[19],"product_tag":[],"_links":{"self":[{"href":"https:\/\/detskadrogerie.online\/index.php?rest_route=\/wp\/v2\/product\/40"}],"collection":[{"href":"https:\/\/detskadrogerie.online\/index.php?rest_route=\/wp\/v2\/product"}],"about":[{"href":"https:\/\/detskadrogerie.online\/index.php?rest_route=\/wp\/v2\/types\/product"}],"replies":[{"embeddable":true,"href":"https:\/\/detskadrogerie.online\/index.php?rest_route=%2Fwp%2Fv2%2Fcomments&post=40"}],"wp:featuredmedia":[{"embeddable":true,"href":"https:\/\/detskadrogerie.online\/index.php?rest_route=\/wp\/v2\/media\/41"}],"wp:attachment":[{"href":"https:\/\/detskadrogerie.online\/index.php?rest_route=%2Fwp%2Fv2%2Fmedia&parent=40"}],"wp:term":[{"taxonomy":"product_cat","embeddable":true,"href":"https:\/\/detskadrogerie.online\/index.php?rest_route=%2Fwp%2Fv2%2Fproduct_cat&post=40"},{"taxonomy":"product_tag","embeddable":true,"href":"https:\/\/detskadrogerie.online\/index.php?rest_route=%2Fwp%2Fv2%2Fproduct_tag&post=40"}],"curies":[{"name":"wp","href":"https:\/\/api.w.org\/{rel}","templated":true}]}}